{"id":2265,"date":"2019-04-17T06:14:18","date_gmt":"2019-04-17T06:14:18","guid":{"rendered":"https:\/\/marpen.ee\/privacy-policy\/"},"modified":"2023-05-28T20:26:48","modified_gmt":"2023-05-28T20:26:48","slug":"privacy-policy","status":"publish","type":"page","link":"https:\/\/marpen.ee\/en\/privacy-policy\/","title":{"rendered":"Privacy policy"},"content":{"rendered":"<p>[vc_row bottom_margin=&#8221;40&#8243;][vc_column][vc_row_inner][vc_column_inner][vc_column_text]Marpen Bussid O\u00dc respects the privacy of its customers and any other individuals whose data we process. We strive to ensure the protection and secure processing of all collected personal data.<\/p>\n<p>This privacy policy describes how Marpen Bussid O\u00dc processes your personal data.<\/p>\n<p><strong>Personal data controller<\/strong><\/p>\n<ul class=\"bullet\">\n<li>Marpen Bussid O\u00dc \u2013 liable for the processing of your personal data as a legal entity<\/li>\n<li>Reg. No.: 14817977<\/li>\n<li>Ristiku 55\/1-9<\/li>\n<li>Tallinn, Harju County 10320<\/li>\n<\/ul>\n<p>[\/vc_column_text][\/vc_column_inner][\/vc_row_inner][vc_row_inner css=&#8221;.vc_custom_1542902835259{margin-top: 30px !important;}&#8221;][vc_column_inner]<h4><span style=\"color: #e31e24;\">MILLISEID ANDMEID ME T\u00d6\u00d6TLEME?<\/span><\/h4>[vc_column_text el_class=&#8221;privacy-policy-text&#8221;]The following data are collected and processed when you visit our website (Marpen.ee):<\/p>\n<p>personal data submitted through our order form \u2013 we collect the personal data (name, e-mail address, phone number, postal address, personal identification code) you enter and other contract-related information (time of signing the contract, fee, payment information, etc.) sent to us when you contact us by using the special contact form provided on our website.[\/vc_column_text][\/vc_column_inner][\/vc_row_inner][vc_row_inner css=&#8221;.vc_custom_1542902410825{margin-top: 30px !important;}&#8221; el_class=&#8221;privacy-policy&#8221;][vc_column_inner]<h4><span style=\"color: #e31e24;\">KUIDAS ME KASUTAME TEIE POOLT EDASTATUD ANDMEID?<\/span><\/h4>[vc_column_text el_class=&#8221;privacy-policy-text&#8221;]The personal data you enter and submit to us are only used for contacting you and\/or drawing up and signing the service contract.<\/p>\n<p>Marpen Bussid O\u00dc does not forward, sell, or rent your personal data to any third parties.[\/vc_column_text][\/vc_column_inner][\/vc_row_inner][vc_row_inner css=&#8221;.vc_custom_1542902414211{margin-top: 30px !important;}&#8221; el_class=&#8221;privacy-policy&#8221;][vc_column_inner]<h4><span style=\"color: #e31e24;\">ANDMETE S\u00c4ILITAMINE<\/span><\/h4>[vc_column_text el_class=&#8221;privacy-policy-text&#8221;]<\/p>\n<p class=\"p1\"><span class=\"s1\">The personal data you submit to Marpen Bussid O\u00dc are only retained for as long as it is necessary for fulfilling the purposes defined in this privacy policy. Thereafter, the personal data are deleted, unless retention is required by law or the rights or obligations of either party.<\/span><\/p>\n<p>[\/vc_column_text][\/vc_column_inner][\/vc_row_inner][vc_row_inner css=&#8221;.vc_custom_1542902414211{margin-top: 30px !important;}&#8221; el_class=&#8221;privacy-policy&#8221;][vc_column_inner]<h4><span style=\"color: #e31e24;\">TURVALISUS NING ISIKUANDMETE KAITSE<\/span><\/h4>[vc_column_text el_class=&#8221;privacy-policy-text&#8221;]Marpen Bussid O\u00dc implements all necessary measures for the protection of its customers\u2019 personal data. Personal data security is ensured by an encrypted data link between website visitors and our website.[\/vc_column_text][\/vc_column_inner][\/vc_row_inner][vc_row_inner css=&#8221;.vc_custom_1542902414211{margin-top: 30px !important;}&#8221; el_class=&#8221;privacy-policy&#8221;][vc_column_inner]<h4><span style=\"color: #e31e24;\">KASUTAJA \u00d5IGUSED<\/span><\/h4>[vc_column_text el_class=&#8221;privacy-policy-text&#8221;]Users have the right to know which personal data we store. You have the right to rectify, change, and erase your personal data. If you wish to exercise your rights or change or erase your personal data, please contact us by using the contact details provided below.[\/vc_column_text][\/vc_column_inner][\/vc_row_inner][vc_row_inner css=&#8221;.vc_custom_1542902414211{margin-top: 30px !important;}&#8221; el_class=&#8221;privacy-policy&#8221;][vc_column_inner]<h4><span style=\"color: #e31e24;\">KONTAKTANDMED<\/span><\/h4>[vc_column_text el_class=&#8221;privacy-policy-text&#8221;]Kui Teil on k\u00fcsimusi seoses privaatsuspoliitikaga, privaatsustingimuste rakendamisega v\u00f5i soovite kasutada m\u00f5nda enda \u00f5igustest, siis v\u00f5tke meiega \u00fchendust e-maili aadressil <a href=\"mailto:info@marpen.ee\">info@marpen.ee<\/a> v\u00f5i postiaadressil Ristiku 55\/1-9 TALLINN 10320.[\/vc_column_text][\/vc_column_inner][\/vc_row_inner][\/vc_column][\/vc_row]<\/p>\n","protected":false},"excerpt":{"rendered":"<p>[vc_row bottom_margin=&#8221;40&#8243;][vc_column][vc_row_inner][vc_column_inner][vc_column_text]Marpen Bussid O\u00dc respects the privacy of its customers and any other individuals whose data we process. We strive to ensure the protection and secure processing of all collected personal data. This privacy policy describes how Marpen Bussid O\u00dc processes your personal data. Personal data controller Marpen Bussid O\u00dc \u2013 liable for the processing<\/p>\n","protected":false},"author":1,"featured_media":0,"parent":0,"menu_order":0,"comment_status":"closed","ping_status":"closed","template":"","meta":{"footnotes":""},"class_list":["post-2265","page","type-page","status-publish","hentry"],"_links":{"self":[{"href":"https:\/\/marpen.ee\/en\/wp-json\/wp\/v2\/pages\/2265","targetHints":{"allow":["GET"]}}],"collection":[{"href":"https:\/\/marpen.ee\/en\/wp-json\/wp\/v2\/pages"}],"about":[{"href":"https:\/\/marpen.ee\/en\/wp-json\/wp\/v2\/types\/page"}],"author":[{"embeddable":true,"href":"https:\/\/marpen.ee\/en\/wp-json\/wp\/v2\/users\/1"}],"replies":[{"embeddable":true,"href":"https:\/\/marpen.ee\/en\/wp-json\/wp\/v2\/comments?post=2265"}],"version-history":[{"count":5,"href":"https:\/\/marpen.ee\/en\/wp-json\/wp\/v2\/pages\/2265\/revisions"}],"predecessor-version":[{"id":2710,"href":"https:\/\/marpen.ee\/en\/wp-json\/wp\/v2\/pages\/2265\/revisions\/2710"}],"wp:attachment":[{"href":"https:\/\/marpen.ee\/en\/wp-json\/wp\/v2\/media?parent=2265"}],"curies":[{"name":"wp","href":"https:\/\/api.w.org\/{rel}","templated":true}]}}