{"id":2328,"date":"2019-04-17T06:16:46","date_gmt":"2019-04-17T06:16:46","guid":{"rendered":"https:\/\/marpen.ee\/services\/catering-menu\/"},"modified":"2019-04-17T06:16:46","modified_gmt":"2019-04-17T06:16:46","slug":"catering-menu","status":"publish","type":"page","link":"https:\/\/marpen.ee\/en\/services\/catering-menu\/","title":{"rendered":"Catering menu"},"content":{"rendered":"<p>[vc_row][vc_column width=&#8221;2\/3&#8243;][vc_column_text]In collaboration with Ristikheina Caf\u00e9, we have created four meal packages to choose from for our passengers.[\/vc_column_text][vc_empty_space][vc_raw_html el_class=&#8221;menu-table&#8221;]PHRhYmxlPgogIDx0cj4KICAgIDx0aD5OYW1lPC90aD4KICAgIDx0aD5Db250ZW50czwvdGg+CiAgICA8dGg+UHJpY2UgKOKCrCk8L3RoPgogIDwvdHI+CiAgPHRyPgogICAgPHRkIGNsYXNzPSJzdHJvbmctaXRlbSIgcm93c3Bhbj0iMyI+PGI+UGFja2FnZSAxPC9iPjwvdGQ+CiAgICA8dGQ+UmlzdGlraGVpbmEgYXJ0aXNhbmFsIG11ZXNsaSB3aXRoIHlvZ2h1cnQ8L3RkPgogICAgPHRkIGNsYXNzPSJzdHJvbmctaXRlbSIgcm93c3Bhbj0iMyI+4oKsOC45MDwvdGQ+CiAgPC90cj4KICA8dHI+CiAgICA8dGQ+TW96emFyZWxsYSAmYW1wOyB0b21hdG8gY3JvaXNzYW50IC8gaGFtICZhbXA7IGNoZWVzZSBjcm9pc3NhbnQ8L3RkPgogIDwvdHI+CiAgPHRyPgogICAgPHRkPlN3ZWV0IHNuYWNrOiBjYXJhbWVsIGJhbGxzPC90ZD4KICA8L3RyPgogIDx0cj4KICAgIDx0ZCBjbGFzcz0ic3Ryb25nLWl0ZW0iIHJvd3NwYW49IjMiPjxiPlBhY2thZ2UgMjwvYj48L3RkPgogICAgPHRkPkdlcm1hbiBwb3RhdG8gc2FsYWQgd2l0aCBiYWNvbjwvdGQ+CiAgICA8dGQgY2xhc3M9InN0cm9uZy1pdGVtIiByb3dzcGFuPSIzIj7igqw3LjUwPC90ZD4KICA8L3RyPgogIDx0cj4KICAgIDx0ZD5NZWF0IHBpZTwvdGQ+CiAgPC90cj4KICA8dHI+CiAgICA8dGQ+Q2hpYSAmYW1wOyBtYW5nbyBwdWRkaW5nPC90ZD4KICA8L3RyPgogIDx0cj4KICAgIDx0ZCBjbGFzcz0ic3Ryb25nLWl0ZW0iIHJvd3NwYW49IjMiPjxiPlBhY2thZ2UgMyAodmVnYW4pPC9iPjwvdGQ+CiAgICA8dGQ+QmVhbiAmYW1wOyBhdm9jYWRvIHNhbGFkPC90ZD4KICAgIDx0ZCBjbGFzcz0ic3Ryb25nLWl0ZW0iIHJvd3NwYW49IjMiPuKCrDEwLjIwPC90ZD4KICA8L3RyPgogIDx0cj4KICAgIDx0ZD5QaXRhIHdpdGggcGlja2xlZCB2ZWdldGFibGVzPC90ZD4KICA8L3RyPgogIDx0cj4KICAgIDx0ZD5DaGlhICZhbXA7IG1hbmdvIHB1ZGRpbmc8L3RkPgogIDwvdHI+CiAgPHRyPgogICAgPHRkIGNsYXNzPSJzdHJvbmctaXRlbSIgcm93c3Bhbj0iMyI+PGI+UGFja2FnZSA0PC9iPjwvdGQ+CiAgICA8dGQ+R29hdCBjaGVlc2UgZmxhdGJyZWFkPC90ZD4KICAgIDx0ZCBjbGFzcz0ic3Ryb25nLWl0ZW0iIHJvd3NwYW49IjMiPuKCrDguOTA8L3RkPgogIDwvdHI+CiAgPHRyPgogICAgPHRkPkFzaWFuIG5vb2RsZSBzYWxhZCB3aXRoIHNocmVkZGVkIG1lYXQgb3IgQXNpYW4gcmljZSBub29kbGUgc2FsYWQgd2l0aCB2ZWdldGFibGVzICh2ZWdhbik8L3RkPgogIDwvdHI+CiAgPHRyPgogICAgPHRkPlByb2ZpdGVyb2xlIHdpdGggcGFzdHJ5IGNyZWFtIGZpbGxpbmcgPC90ZD4KICA8L3RyPgo8L3RhYmxlPgo=[\/vc_raw_html][vc_column_text]<\/p>\n<p style=\"text-align: left;\"><em>Prices include VAT.<\/em><\/p>\n<p>[\/vc_column_text][\/vc_column][vc_column width=&#8221;1\/3&#8243;][vc_single_image image=&#8221;2090&#8243; img_size=&#8221;medium&#8221; alignment=&#8221;center&#8221;][vc_empty_space][vc_column_text el_class=&#8221;justification&#8221;]Ristikheina kohvik sai alguse endisest Mantli\u00e4ri poest, kuhu rajati armas suurte akende ja hubaste ruumidega kohvik.<br \/>\nRistikheina v\u00f5lus kiiresti oma uusi kliente oma uhke vitriiniga t\u00e4is magusaid ja suursuguseid kooke. K\u00f5igest paari aastaga on kohvik pugenud inimestele nii s\u00fcgavale s\u00fcdamesse, et on avatud veel kaks kohvikut \u00fcle Tallinna.<\/p>\n<p><strong>Ette tellimise aeg 72 tundi<\/strong>. Tellimus esitada e-posti aadressile <a href=\"mailto:info@marpen.ee\">info@marpen.ee<\/a>. Tellimuse kohta komplektide arv 10-50 tk. \u00dche tellimuse kohta valida maksimaalselt kaks komplekti.<\/p>\n<p>K\u00f5ik toidud pakendame erladi paberkottidesse, kus on ka s\u00f6\u00f6giriistade komplekt ja salvr\u00e4tik. Vajadusel saame kotti lisada ka pudelivee. Lisatasu 0,9 eurot.[\/vc_column_text][\/vc_column][\/vc_row][vc_row][vc_column][vc_empty_space][\/vc_column][\/vc_row]<\/p>\n","protected":false},"excerpt":{"rendered":"<p>[vc_row][vc_column width=&#8221;2\/3&#8243;][vc_column_text]In collaboration with Ristikheina Caf\u00e9, we have created four meal packages to choose from for our passengers.[\/vc_column_text][vc_empty_space][vc_raw_html el_class=&#8221;menu-table&#8221;]PHRhYmxlPgogIDx0cj4KICAgIDx0aD5OYW1lPC90aD4KICAgIDx0aD5Db250ZW50czwvdGg+CiAgICA8dGg+UHJpY2UgKOKCrCk8L3RoPgogIDwvdHI+CiAgPHRyPgogICAgPHRkIGNsYXNzPSJzdHJvbmctaXRlbSIgcm93c3Bhbj0iMyI+PGI+UGFja2FnZSAxPC9iPjwvdGQ+CiAgICA8dGQ+UmlzdGlraGVpbmEgYXJ0aXNhbmFsIG11ZXNsaSB3aXRoIHlvZ2h1cnQ8L3RkPgogICAgPHRkIGNsYXNzPSJzdHJvbmctaXRlbSIgcm93c3Bhbj0iMyI+4oKsOC45MDwvdGQ+CiAgPC90cj4KICA8dHI+CiAgICA8dGQ+TW96emFyZWxsYSAmYW1wOyB0b21hdG8gY3JvaXNzYW50IC8gaGFtICZhbXA7IGNoZWVzZSBjcm9pc3NhbnQ8L3RkPgogIDwvdHI+CiAgPHRyPgogICAgPHRkPlN3ZWV0IHNuYWNrOiBjYXJhbWVsIGJhbGxzPC90ZD4KICA8L3RyPgogIDx0cj4KICAgIDx0ZCBjbGFzcz0ic3Ryb25nLWl0ZW0iIHJvd3NwYW49IjMiPjxiPlBhY2thZ2UgMjwvYj48L3RkPgogICAgPHRkPkdlcm1hbiBwb3RhdG8gc2FsYWQgd2l0aCBiYWNvbjwvdGQ+CiAgICA8dGQgY2xhc3M9InN0cm9uZy1pdGVtIiByb3dzcGFuPSIzIj7igqw3LjUwPC90ZD4KICA8L3RyPgogIDx0cj4KICAgIDx0ZD5NZWF0IHBpZTwvdGQ+CiAgPC90cj4KICA8dHI+CiAgICA8dGQ+Q2hpYSAmYW1wOyBtYW5nbyBwdWRkaW5nPC90ZD4KICA8L3RyPgogIDx0cj4KICAgIDx0ZCBjbGFzcz0ic3Ryb25nLWl0ZW0iIHJvd3NwYW49IjMiPjxiPlBhY2thZ2UgMyAodmVnYW4pPC9iPjwvdGQ+CiAgICA8dGQ+QmVhbiAmYW1wOyBhdm9jYWRvIHNhbGFkPC90ZD4KICAgIDx0ZCBjbGFzcz0ic3Ryb25nLWl0ZW0iIHJvd3NwYW49IjMiPuKCrDEwLjIwPC90ZD4KICA8L3RyPgogIDx0cj4KICAgIDx0ZD5QaXRhIHdpdGggcGlja2xlZCB2ZWdldGFibGVzPC90ZD4KICA8L3RyPgogIDx0cj4KICAgIDx0ZD5DaGlhICZhbXA7IG1hbmdvIHB1ZGRpbmc8L3RkPgogIDwvdHI+CiAgPHRyPgogICAgPHRkIGNsYXNzPSJzdHJvbmctaXRlbSIgcm93c3Bhbj0iMyI+PGI+UGFja2FnZSA0PC9iPjwvdGQ+CiAgICA8dGQ+R29hdCBjaGVlc2UgZmxhdGJyZWFkPC90ZD4KICAgIDx0ZCBjbGFzcz0ic3Ryb25nLWl0ZW0iIHJvd3NwYW49IjMiPuKCrDguOTA8L3RkPgogIDwvdHI+CiAgPHRyPgogICAgPHRkPkFzaWFuIG5vb2RsZSBzYWxhZCB3aXRoIHNocmVkZGVkIG1lYXQgb3IgQXNpYW4gcmljZSBub29kbGUgc2FsYWQgd2l0aCB2ZWdldGFibGVzICh2ZWdhbik8L3RkPgogIDwvdHI+CiAgPHRyPgogICAgPHRkPlByb2ZpdGVyb2xlIHdpdGggcGFzdHJ5IGNyZWFtIGZpbGxpbmcgPC90ZD4KICA8L3RyPgo8L3RhYmxlPgo=[\/vc_raw_html][vc_column_text] Prices include VAT. [\/vc_column_text][\/vc_column][vc_column width=&#8221;1\/3&#8243;][vc_single_image image=&#8221;2090&#8243; img_size=&#8221;medium&#8221; alignment=&#8221;center&#8221;][vc_empty_space][vc_column_text el_class=&#8221;justification&#8221;]Ristikheina kohvik sai alguse endisest Mantli\u00e4ri poest, kuhu rajati armas suurte akende ja hubaste ruumidega kohvik. Ristikheina v\u00f5lus kiiresti oma uusi kliente oma uhke vitriiniga t\u00e4is magusaid ja<\/p>\n","protected":false},"author":1,"featured_media":0,"parent":2260,"menu_order":0,"comment_status":"closed","ping_status":"closed","template":"","meta":{"footnotes":""},"class_list":["post-2328","page","type-page","status-publish","hentry"],"_links":{"self":[{"href":"https:\/\/marpen.ee\/en\/wp-json\/wp\/v2\/pages\/2328","targetHints":{"allow":["GET"]}}],"collection":[{"href":"https:\/\/marpen.ee\/en\/wp-json\/wp\/v2\/pages"}],"about":[{"href":"https:\/\/marpen.ee\/en\/wp-json\/wp\/v2\/types\/page"}],"author":[{"embeddable":true,"href":"https:\/\/marpen.ee\/en\/wp-json\/wp\/v2\/users\/1"}],"replies":[{"embeddable":true,"href":"https:\/\/marpen.ee\/en\/wp-json\/wp\/v2\/comments?post=2328"}],"version-history":[{"count":1,"href":"https:\/\/marpen.ee\/en\/wp-json\/wp\/v2\/pages\/2328\/revisions"}],"predecessor-version":[{"id":2330,"href":"https:\/\/marpen.ee\/en\/wp-json\/wp\/v2\/pages\/2328\/revisions\/2330"}],"up":[{"embeddable":true,"href":"https:\/\/marpen.ee\/en\/wp-json\/wp\/v2\/pages\/2260"}],"wp:attachment":[{"href":"https:\/\/marpen.ee\/en\/wp-json\/wp\/v2\/media?parent=2328"}],"curies":[{"name":"wp","href":"https:\/\/api.w.org\/{rel}","templated":true}]}}