{"id":2348,"date":"2019-04-17T06:17:39","date_gmt":"2019-04-17T06:17:39","guid":{"rendered":"https:\/\/marpen.ee\/%d0%bf%d0%be%d0%bb%d0%b8%d1%82%d0%b8%d0%ba%d0%b0-%d0%ba%d0%be%d0%bd%d1%84%d0%b8%d0%b4%d0%b5%d0%bd%d1%86%d0%b8%d0%b0%d0%bb%d1%8c%d0%bd%d0%be%d1%81%d1%82%d0%b8\/"},"modified":"2023-05-28T20:28:42","modified_gmt":"2023-05-28T20:28:42","slug":"%d0%bf%d0%be%d0%bb%d0%b8%d1%82%d0%b8%d0%ba%d0%b0-%d0%ba%d0%be%d0%bd%d1%84%d0%b8%d0%b4%d0%b5%d0%bd%d1%86%d0%b8%d0%b0%d0%bb%d1%8c%d0%bd%d0%be%d1%81%d1%82%d0%b8","status":"publish","type":"page","link":"https:\/\/marpen.ee\/ru\/%d0%bf%d0%be%d0%bb%d0%b8%d1%82%d0%b8%d0%ba%d0%b0-%d0%ba%d0%be%d0%bd%d1%84%d0%b8%d0%b4%d0%b5%d0%bd%d1%86%d0%b8%d0%b0%d0%bb%d1%8c%d0%bd%d0%be%d1%81%d1%82%d0%b8\/","title":{"rendered":"\u041f\u043e\u043b\u0438\u0442\u0438\u043a\u0430 \u043a\u043e\u043d\u0444\u0438\u0434\u0435\u043d\u0446\u0438\u0430\u043b\u044c\u043d\u043e\u0441\u0442\u0438"},"content":{"rendered":"<p>[vc_row bottom_margin=&#187;40&#8243;][vc_column][vc_row_inner][vc_column_inner][vc_column_text]Marpen Bussid O\u00dc \u0443\u0432\u0430\u0436\u0430\u0435\u0442 \u043a\u043e\u043d\u0444\u0438\u0434\u0435\u043d\u0446\u0438\u0430\u043b\u044c\u043d\u043e\u0441\u0442\u044c \u0441\u0432\u043e\u0438\u0445 \u043a\u043b\u0438\u0435\u043d\u0442\u043e\u0432 \u0438 \u0432\u0441\u0435\u0445 \u0434\u0440\u0443\u0433\u0438\u0445 \u043b\u0438\u0446, \u043a \u0434\u0430\u043d\u043d\u044b\u043c \u043a\u043e\u0442\u043e\u0440\u044b\u0445 \u0438\u043c\u0435\u0435\u0442 \u043e\u0442\u043d\u043e\u0448\u0435\u043d\u0438\u0435. \u041c\u044b \u043f\u0440\u0438\u043b\u0430\u0433\u0430\u0435\u043c \u0432\u0441\u0435 \u0443\u0441\u0438\u043b\u0438\u044f \u0434\u043b\u044f \u0442\u043e\u0433\u043e, \u0447\u0442\u043e\u0431\u044b \u043e\u0431\u0435\u0441\u043f\u0435\u0447\u0438\u0442\u044c \u0437\u0430\u0449\u0438\u0442\u0443 \u0438 \u0431\u0435\u0437\u043e\u043f\u0430\u0441\u043d\u0443\u044e \u043e\u0431\u0440\u0430\u0431\u043e\u0442\u043a\u0443 \u0434\u0430\u043d\u043d\u044b\u0445.<\/p>\n<p>\u041d\u0430\u0441\u0442\u043e\u044f\u0449\u0438\u0435 \u043f\u0440\u0438\u043d\u0446\u0438\u043f\u044b \u043a\u043e\u043d\u0444\u0438\u0434\u0435\u043d\u0446\u0438\u0430\u043b\u044c\u043d\u043e\u0441\u0442\u0438 \u043f\u043e\u044f\u0441\u043d\u044f\u044e\u0442, \u043a\u0430\u043a Marpen Bussid O\u00dc \u043e\u0431\u0440\u0430\u0431\u0430\u0442\u044b\u0432\u0430\u0435\u0442 \u0412\u0430\u0448\u0438 \u043f\u0435\u0440\u0441\u043e\u043d\u0430\u043b\u044c\u043d\u044b\u0435 \u0434\u0430\u043d\u043d\u044b\u0435.<\/p>\n<p><strong>\u041e\u0431\u0440\u0430\u0431\u043e\u0442\u0447\u0438\u043a \u043f\u0435\u0440\u0441\u043e\u043d\u0430\u043b\u044c\u043d\u044b\u0445 \u0434\u0430\u043d\u043d\u044b\u0445<\/strong><\/p>\n<ul class=\"bullet\">\n<li>Marpen Bussid O\u00dc \u043d\u0435\u0441\u0435\u0442 \u043e\u0442\u0432\u0435\u0442\u0441\u0442\u0432\u0435\u043d\u043d\u043e\u0441\u0442\u044c \u0437\u0430 \u043e\u0431\u0440\u0430\u0431\u043e\u0442\u043a\u0443 \u0412\u0430\u0448\u0438\u0445 \u043f\u0435\u0440\u0441\u043e\u043d\u0430\u043b\u044c\u043d\u044b\u0445 \u0434\u0430\u043d\u043d\u044b\u0445 \u043a\u0430\u043a \u044e\u0440\u0438\u0434\u0438\u0447\u0435\u0441\u043a\u043e\u0435 \u043b\u0438\u0446\u043e<\/li>\n<li>\u0420\u0435\u0433. \u043d\u043e\u043c\u0435\u0440: 14817977<\/li>\n<li>Ristiku tn. 55\/1-9<\/li>\n<li>Tallinn, Harjumaa 10320<\/li>\n<\/ul>\n<p>[\/vc_column_text][\/vc_column_inner][\/vc_row_inner][vc_row_inner css=&#187;.vc_custom_1542902835259{margin-top: 30px !important;}&#187;][vc_column_inner]<h4><span style=\"color: #e31e24;\">MILLISEID ANDMEID ME T\u00d6\u00d6TLEME?<\/span><\/h4>[vc_column_text el_class=&#187;privacy-policy-text&#187;]\u041d\u0430 \u043d\u0430\u0448\u0435\u043c \u0441\u0430\u0439\u0442\u0435 Marpen.ee \u0441\u043e\u0431\u0438\u0440\u0430\u044e\u0442\u0441\u044f \u0438 \u043e\u0431\u0440\u0430\u0431\u0430\u0442\u044b\u0432\u0430\u044e\u0442\u0441\u044f \u0432\u0432\u0435\u0434\u0435\u043d\u043d\u044b\u0435 \u0412\u0430\u043c\u0438 \u0432 \u0444\u043e\u0440\u043c\u0443 \u0437\u0430\u043a\u0430\u0437\u0430 \u0438 \u043e\u0442\u043f\u0440\u0430\u0432\u043b\u0435\u043d\u043d\u044b\u0435 \u043d\u0430\u043c \u0442\u0430\u043a\u0438\u0435 \u043f\u0435\u0440\u0441\u043e\u043d\u0430\u043b\u044c\u043d\u044b\u0435 \u0434\u0430\u043d\u043d\u044b\u0435, \u043a\u0430\u043a \u0438\u043c\u044f, \u0444\u0430\u043c\u0438\u043b\u0438\u044f, \u0430\u0434\u0440\u0435\u0441 \u044d\u043b\u0435\u043a\u0442\u0440\u043e\u043d\u043d\u043e\u0439 \u043f\u043e\u0447\u0442\u044b, \u043d\u043e\u043c\u0435\u0440 \u0442\u0435\u043b\u0435\u0444\u043e\u043d\u0430, \u043f\u043e\u0447\u0442\u043e\u0432\u044b\u0439 \u0430\u0434\u0440\u0435\u0441, \u043b\u0438\u0447\u043d\u044b\u0439 \u043a\u043e\u0434, \u0430 \u0442\u0430\u043a\u0436\u0435 \u0434\u0440\u0443\u0433\u0430\u044f \u0441\u0432\u044f\u0437\u0430\u043d\u043d\u0430\u044f \u0441 \u0434\u043e\u0433\u043e\u0432\u043e\u0440\u043e\u043c \u0438\u043d\u0444\u043e\u0440\u043c\u0430\u0446\u0438\u044f\u00a0\u2013 \u0432\u0440\u0435\u043c\u044f \u0435\u0433\u043e \u0437\u0430\u043a\u043b\u044e\u0447\u0435\u043d\u0438\u044f, \u0446\u0435\u043d\u0430, \u0441\u0432\u0435\u0434\u0435\u043d\u0438\u044f \u043e\u0431 \u043e\u043f\u043b\u0430\u0442\u0435 \u0438 \u0442. \u043f.[\/vc_column_text][\/vc_column_inner][\/vc_row_inner][vc_row_inner css=&#187;.vc_custom_1542902410825{margin-top: 30px !important;}&#187; el_class=&#187;privacy-policy&#187;][vc_column_inner]<h4><span style=\"color: #e31e24;\">KUIDAS ME KASUTAME TEIE POOLT EDASTATUD ANDMEID?<\/span><\/h4>[vc_column_text el_class=&#187;privacy-policy-text&#187;]\u0412\u0432\u0435\u0434\u0435\u043d\u043d\u044b\u0435 \u0412\u0430\u043c\u0438 \u0438 \u043e\u0442\u043f\u0440\u0430\u0432\u043b\u0435\u043d\u043d\u044b\u0435 \u043d\u0430\u043c \u043f\u0435\u0440\u0441\u043e\u043d\u0430\u043b\u044c\u043d\u044b\u0435 \u0434\u0430\u043d\u043d\u044b\u0435 \u043c\u044b \u0438\u0441\u043f\u043e\u043b\u044c\u0437\u0443\u0435\u043c \u0442\u043e\u043b\u044c\u043a\u043e \u0434\u043b\u044f \u0441\u0432\u044f\u0437\u0438 \u0441 \u0412\u0430\u043c\u0438 \u0438\/\u0438\u043b\u0438 \u0434\u043b\u044f \u0441\u043e\u0441\u0442\u0430\u0432\u043b\u0435\u043d\u0438\u044f \u0438 \u0437\u0430\u043a\u043b\u044e\u0447\u0435\u043d\u0438\u044f \u0434\u043e\u0433\u043e\u0432\u043e\u0440\u0430.<\/p>\n<p>\u0412\u0430\u0448\u0438 \u043f\u0435\u0440\u0441\u043e\u043d\u0430\u043b\u044c\u043d\u044b\u0435 \u0434\u0430\u043d\u043d\u044b\u0435 Marpen Bussid O\u00dc \u043d\u0435 \u043f\u0435\u0440\u0435\u0434\u0430\u0435\u0442, \u043d\u0435 \u043f\u0440\u043e\u0434\u0430\u0435\u0442 \u0438 \u043d\u0435 \u043f\u0440\u0435\u0434\u043e\u0441\u0442\u0430\u0432\u043b\u044f\u0435\u0442 \u0432 \u0430\u0440\u0435\u043d\u0434\u0443 \u0442\u0440\u0435\u0442\u044c\u0438\u043c \u0441\u0442\u043e\u0440\u043e\u043d\u0430\u043c.[\/vc_column_text][\/vc_column_inner][\/vc_row_inner][vc_row_inner css=&#187;.vc_custom_1542902414211{margin-top: 30px !important;}&#187; el_class=&#187;privacy-policy&#187;][vc_column_inner]<h4><span style=\"color: #e31e24;\">ANDMETE S\u00c4ILITAMINE<\/span><\/h4>[vc_column_text el_class=&#187;privacy-policy-text&#187;]<\/p>\n<p class=\"p1\"><span class=\"s1\">\u041f\u0435\u0440\u0435\u0434\u0430\u043d\u043d\u044b\u0435 \u0412\u0430\u043c\u0438 Marpen Bussid O\u00dc \u043f\u0435\u0440\u0441\u043e\u043d\u0430\u043b\u044c\u043d\u044b\u0435 \u0434\u0430\u043d\u043d\u044b\u0435 \u0445\u0440\u0430\u043d\u044f\u0442\u0441\u044f \u0434\u043e \u0442\u0435\u0445 \u043f\u043e\u0440, \u043f\u043e\u043a\u0430 \u043e\u043d\u0438 \u0442\u0440\u0435\u0431\u0443\u044e\u0442\u0441\u044f \u0434\u043b\u044f \u0438\u0441\u043f\u043e\u043b\u043d\u0435\u043d\u0438\u044f \u0443\u043a\u0430\u0437\u0430\u043d\u043d\u044b\u0445 \u0432 \u043d\u0430\u0441\u0442\u043e\u044f\u0449\u0435\u0439 \u043f\u043e\u043b\u0438\u0442\u0438\u043a\u0435 \u043a\u043e\u043d\u0444\u0438\u0434\u0435\u043d\u0446\u0438\u0430\u043b\u044c\u043d\u043e\u0441\u0442\u0438 \u0437\u0430\u0434\u0430\u0447. \u041f\u043e\u0441\u043b\u0435 \u044d\u0442\u043e\u0433\u043e \u043f\u0435\u0440\u0441\u043e\u043d\u0430\u043b\u044c\u043d\u044b\u0435 \u0434\u0430\u043d\u043d\u044b\u0435 \u0443\u0434\u0430\u043b\u044f\u044e\u0442\u0441\u044f, \u043a\u0440\u043e\u043c\u0435 \u0441\u043b\u0443\u0447\u0430\u0435\u0432, \u043a\u043e\u0433\u0434\u0430 \u0438\u0445 \u0445\u0440\u0430\u043d\u0435\u043d\u0438\u0435 \u0442\u0440\u0435\u0431\u0443\u0435\u0442\u0441\u044f \u043f\u043e \u0437\u0430\u043a\u043e\u043d\u0443 \u0438\u043b\u0438 \u0432 \u0441\u043e\u043e\u0442\u0432\u0435\u0442\u0441\u0442\u0432\u0438\u0438 \u0441 \u043f\u0440\u0430\u0432\u0430\u043c\u0438 \u0438 \u043e\u0431\u044f\u0437\u0430\u043d\u043d\u043e\u0441\u0442\u044f\u043c\u0438 \u043a\u0430\u043a\u043e\u0439-\u043b\u0438\u0431\u043e \u0438\u0437 \u0434\u0432\u0443\u0445 \u0441\u0442\u043e\u0440\u043e\u043d.<\/span><\/p>\n<p>[\/vc_column_text][\/vc_column_inner][\/vc_row_inner][vc_row_inner css=&#187;.vc_custom_1542902414211{margin-top: 30px !important;}&#187; el_class=&#187;privacy-policy&#187;][vc_column_inner]<h4><span style=\"color: #e31e24;\">TURVALISUS NING ISIKUANDMETE KAITSE<\/span><\/h4>[vc_column_text el_class=&#187;privacy-policy-text&#187;]Marpen Bussid O\u00dc \u043f\u0440\u0438\u043d\u0438\u043c\u0430\u0435\u0442 \u0432\u0441\u0435 \u043c\u0435\u0440\u044b \u043f\u0440\u0435\u0434\u043e\u0441\u0442\u043e\u0440\u043e\u0436\u043d\u043e\u0441\u0442\u0438 \u0434\u043b\u044f \u0437\u0430\u0449\u0438\u0442\u044b \u043f\u0435\u0440\u0441\u043e\u043d\u0430\u043b\u044c\u043d\u044b\u0445 \u0434\u0430\u043d\u043d\u044b\u0445 \u043a\u043b\u0438\u0435\u043d\u0442\u043e\u0432. \u0417\u0430\u0449\u0438\u0442\u0443 \u043f\u0435\u0440\u0441\u043e\u043d\u0430\u043b\u044c\u043d\u044b\u0445 \u0434\u0430\u043d\u043d\u044b\u0445 \u043e\u0431\u0435\u0441\u043f\u0435\u0447\u0438\u0432\u0430\u0435\u0442 \u0437\u0430\u0448\u0438\u0444\u0440\u043e\u0432\u0430\u043d\u043d\u044b\u0439 \u043a\u0430\u043d\u0430\u043b \u0441\u0432\u044f\u0437\u0438 \u043c\u0435\u0436\u0434\u0443 \u043f\u043e\u0441\u0435\u0442\u0438\u0442\u0435\u043b\u0435\u043c \u0441\u0430\u0439\u0442\u0430 \u0438 \u0441\u0430\u043c\u0438\u043c \u0441\u0430\u0439\u0442\u043e\u043c.[\/vc_column_text][\/vc_column_inner][\/vc_row_inner][vc_row_inner css=&#187;.vc_custom_1542902414211{margin-top: 30px !important;}&#187; el_class=&#187;privacy-policy&#187;][vc_column_inner]<h4><span style=\"color: #e31e24;\">KASUTAJA \u00d5IGUSED<\/span><\/h4>[vc_column_text el_class=&#187;privacy-policy-text&#187;]\u041f\u043e\u043b\u044c\u0437\u043e\u0432\u0430\u0442\u0435\u043b\u044c \u0438\u043c\u0435\u0435\u0442 \u043f\u0440\u0430\u0432\u043e \u0437\u043d\u0430\u0442\u044c, \u043a\u0430\u043a\u0438\u0435 \u043f\u0435\u0440\u0441\u043e\u043d\u0430\u043b\u044c\u043d\u044b\u0435 \u0434\u0430\u043d\u043d\u044b\u0435 \u043e \u043d\u0435\u043c \u043c\u044b \u0445\u0440\u0430\u043d\u0438\u043c. \u0412\u044b \u0438\u043c\u0435\u0435\u0442\u0435 \u043f\u0440\u0430\u0432\u043e \u0438\u0445 \u0438\u0441\u043f\u0440\u0430\u0432\u043b\u044f\u0442\u044c, \u0438\u0437\u043c\u0435\u043d\u044f\u0442\u044c \u0438\u043b\u0438 \u0443\u0434\u0430\u043b\u044f\u0442\u044c. \u0415\u0441\u043b\u0438 \u0412\u044b \u0445\u043e\u0442\u0438\u0442\u0435 \u0432\u043e\u0441\u043f\u043e\u043b\u044c\u0437\u043e\u0432\u0430\u0442\u044c\u0441\u044f \u044d\u0442\u0438\u043c\u0438 \u0441\u0432\u043e\u0438\u043c\u0438 \u043f\u0440\u0430\u0432\u0430\u043c\u0438, \u043e\u0431\u0440\u0430\u0449\u0430\u0439\u0442\u0435\u0441\u044c \u043a \u043d\u0430\u043c \u043f\u043e \u043f\u0440\u0438\u0432\u0435\u0434\u0435\u043d\u043d\u044b\u043c \u043d\u0438\u0436\u0435 \u043a\u043e\u043d\u0442\u0430\u043a\u0442\u043d\u044b\u043c \u0434\u0430\u043d\u043d\u044b\u043c.[\/vc_column_text][\/vc_column_inner][\/vc_row_inner][vc_row_inner css=&#187;.vc_custom_1542902414211{margin-top: 30px !important;}&#187; el_class=&#187;privacy-policy&#187;][vc_column_inner]<h4><span style=\"color: #e31e24;\">KONTAKTANDMED<\/span><\/h4>[vc_column_text el_class=&#187;privacy-policy-text&#187;]Kui Teil on k\u00fcsimusi seoses privaatsuspoliitikaga, privaatsustingimuste rakendamisega v\u00f5i soovite kasutada m\u00f5nda enda \u00f5igustest, siis v\u00f5tke meiega \u00fchendust e-maili aadressil <a href=\"mailto:info@marpen.ee\">info@marpen.ee<\/a> v\u00f5i postiaadressil Ristiku 55\/1-9 TALLINN 10320.[\/vc_column_text][\/vc_column_inner][\/vc_row_inner][\/vc_column][\/vc_row]<\/p>\n","protected":false},"excerpt":{"rendered":"<p>[vc_row bottom_margin=&#187;40&#8243;][vc_column][vc_row_inner][vc_column_inner][vc_column_text]Marpen Bussid O\u00dc \u0443\u0432\u0430\u0436\u0430\u0435\u0442 \u043a\u043e\u043d\u0444\u0438\u0434\u0435\u043d\u0446\u0438\u0430\u043b\u044c\u043d\u043e\u0441\u0442\u044c \u0441\u0432\u043e\u0438\u0445 \u043a\u043b\u0438\u0435\u043d\u0442\u043e\u0432 \u0438 \u0432\u0441\u0435\u0445 \u0434\u0440\u0443\u0433\u0438\u0445 \u043b\u0438\u0446, \u043a \u0434\u0430\u043d\u043d\u044b\u043c \u043a\u043e\u0442\u043e\u0440\u044b\u0445 \u0438\u043c\u0435\u0435\u0442 \u043e\u0442\u043d\u043e\u0448\u0435\u043d\u0438\u0435. \u041c\u044b \u043f\u0440\u0438\u043b\u0430\u0433\u0430\u0435\u043c \u0432\u0441\u0435 \u0443\u0441\u0438\u043b\u0438\u044f \u0434\u043b\u044f \u0442\u043e\u0433\u043e, \u0447\u0442\u043e\u0431\u044b \u043e\u0431\u0435\u0441\u043f\u0435\u0447\u0438\u0442\u044c \u0437\u0430\u0449\u0438\u0442\u0443 \u0438 \u0431\u0435\u0437\u043e\u043f\u0430\u0441\u043d\u0443\u044e \u043e\u0431\u0440\u0430\u0431\u043e\u0442\u043a\u0443 \u0434\u0430\u043d\u043d\u044b\u0445. \u041d\u0430\u0441\u0442\u043e\u044f\u0449\u0438\u0435 \u043f\u0440\u0438\u043d\u0446\u0438\u043f\u044b \u043a\u043e\u043d\u0444\u0438\u0434\u0435\u043d\u0446\u0438\u0430\u043b\u044c\u043d\u043e\u0441\u0442\u0438 \u043f\u043e\u044f\u0441\u043d\u044f\u044e\u0442, \u043a\u0430\u043a Marpen Bussid O\u00dc \u043e\u0431\u0440\u0430\u0431\u0430\u0442\u044b\u0432\u0430\u0435\u0442 \u0412\u0430\u0448\u0438 \u043f\u0435\u0440\u0441\u043e\u043d\u0430\u043b\u044c\u043d\u044b\u0435 \u0434\u0430\u043d\u043d\u044b\u0435. \u041e\u0431\u0440\u0430\u0431\u043e\u0442\u0447\u0438\u043a \u043f\u0435\u0440\u0441\u043e\u043d\u0430\u043b\u044c\u043d\u044b\u0445 \u0434\u0430\u043d\u043d\u044b\u0445 Marpen Bussid O\u00dc \u043d\u0435\u0441\u0435\u0442 \u043e\u0442\u0432\u0435\u0442\u0441\u0442\u0432\u0435\u043d\u043d\u043e\u0441\u0442\u044c \u0437\u0430 \u043e\u0431\u0440\u0430\u0431\u043e\u0442\u043a\u0443 \u0412\u0430\u0448\u0438\u0445 \u043f\u0435\u0440\u0441\u043e\u043d\u0430\u043b\u044c\u043d\u044b\u0445 \u0434\u0430\u043d\u043d\u044b\u0445<\/p>\n","protected":false},"author":1,"featured_media":0,"parent":0,"menu_order":0,"comment_status":"closed","ping_status":"closed","template":"","meta":{"footnotes":""},"class_list":["post-2348","page","type-page","status-publish","hentry"],"_links":{"self":[{"href":"https:\/\/marpen.ee\/ru\/wp-json\/wp\/v2\/pages\/2348","targetHints":{"allow":["GET"]}}],"collection":[{"href":"https:\/\/marpen.ee\/ru\/wp-json\/wp\/v2\/pages"}],"about":[{"href":"https:\/\/marpen.ee\/ru\/wp-json\/wp\/v2\/types\/page"}],"author":[{"embeddable":true,"href":"https:\/\/marpen.ee\/ru\/wp-json\/wp\/v2\/users\/1"}],"replies":[{"embeddable":true,"href":"https:\/\/marpen.ee\/ru\/wp-json\/wp\/v2\/comments?post=2348"}],"version-history":[{"count":4,"href":"https:\/\/marpen.ee\/ru\/wp-json\/wp\/v2\/pages\/2348\/revisions"}],"predecessor-version":[{"id":2712,"href":"https:\/\/marpen.ee\/ru\/wp-json\/wp\/v2\/pages\/2348\/revisions\/2712"}],"wp:attachment":[{"href":"https:\/\/marpen.ee\/ru\/wp-json\/wp\/v2\/media?parent=2348"}],"curies":[{"name":"wp","href":"https:\/\/api.w.org\/{rel}","templated":true}]}}