{"id":2411,"date":"2019-04-17T06:20:05","date_gmt":"2019-04-17T06:20:05","guid":{"rendered":"https:\/\/marpen.ee\/%d1%83%d1%81%d0%bb%d1%83%d0%b3%d0%b8\/%d0%bc%d0%b5%d0%bd%d1%8e\/"},"modified":"2019-04-17T06:20:06","modified_gmt":"2019-04-17T06:20:06","slug":"%d0%bc%d0%b5%d0%bd%d1%8e","status":"publish","type":"page","link":"https:\/\/marpen.ee\/ru\/%d1%83%d1%81%d0%bb%d1%83%d0%b3%d0%b8\/%d0%bc%d0%b5%d0%bd%d1%8e\/","title":{"rendered":"\u041c\u0435\u043d\u044e"},"content":{"rendered":"<p>[vc_row][vc_column width=&#187;2\/3&#8243;][vc_column_text]\u0412 \u0441\u043e\u0442\u0440\u0443\u0434\u043d\u0438\u0447\u0435\u0441\u0442\u0432\u0435 \u0441 \u043a\u0430\u0444\u0435 Ristikheina \u043c\u044b \u0440\u0430\u0437\u0440\u0430\u0431\u043e\u0442\u0430\u043b\u0438 \u0434\u043b\u044f \u0441\u0432\u043e\u0438\u0445 \u043a\u043b\u0438\u0435\u043d\u0442\u043e\u0432 \u0447\u0435\u0442\u044b\u0440\u0435 \u0440\u0430\u0437\u043d\u044b\u0445 \u043d\u0430\u0431\u043e\u0440\u0430 \u043d\u0430 \u043b\u044e\u0431\u043e\u0439 \u0432\u043a\u0443\u0441.[\/vc_column_text][vc_empty_space][vc_raw_html el_class=&#187;menu-table&#187;]PHRhYmxlPgogIDx0cj4KICAgIDx0aD7QndCw0LfQstCw0L3QuNC1PC90aD4KICAgIDx0aD7QodC+0LTQtdGA0LbQsNC90LjQtTwvdGg+CiAgICA8dGg+0KbQtdC90LAgKOKCrCk8L3RoPgogIDwvdHI+CiAgPHRyPgogICAgPHRkIGNsYXNzPSJzdHJvbmctaXRlbSIgcm93c3Bhbj0iMyI+PGI+0J3QsNCx0L7RgCAxPC9iPjwvdGQ+CiAgICA8dGQ+0KTQuNGA0LzQtdC90L3Ri9C1INC80Y7RgdC70LggUmlzdGlraGVpbmEg0YEg0LnQvtCz0YPRgNGC0L7QvDwvdGQ+CiAgICA8dGQgY2xhc3M9InN0cm9uZy1pdGVtIiByb3dzcGFuPSIzIj44LDkwIOKCrDwvdGQ+CiAgPC90cj4KICA8dHI+CiAgICA8dGQ+0JrRgNGD0LDRgdGB0LDQvSDRgSDQvNC+0YbQsNGA0LXQu9C70L7QuSDQuCDQv9C+0LzQuNC00L7RgNC+0LwgLyDQmtGA0YPQsNGB0YHQsNC9INGBINCy0LXRgtGH0LjQvdC+0Lkg0Lgg0YHRi9GA0L7QvDwvdGQ+CiAgPC90cj4KICA8dHI+CiAgICA8dGQ+0J3QsCDQtNC10YHQtdGA0YIg4oCTINC60LDRgNCw0LzQtdC70YzQvdGL0Lkg0YjQsNGA0LjQujwvdGQ+CiAgPC90cj4KICA8dHI+CiAgICA8dGQgY2xhc3M9InN0cm9uZy1pdGVtIiByb3dzcGFuPSIzIj48Yj7QndCw0LHQvtGAIDI8L2I+PC90ZD4KICAgIDx0ZD7QndC10LzQtdGG0LrQuNC5INC60LDRgNGC0L7RhNC10LvRjNC90YvQuSDRgdCw0LvQsNGCLCDRgSDQsdC10LrQvtC90L7QvDwvdGQ+CiAgICA8dGQgY2xhc3M9InN0cm9uZy1pdGVtIiByb3dzcGFuPSIzIj43LDUwIOKCrDwvdGQ+CiAgPC90cj4KICA8dHI+CiAgICA8dGQ+0J\/QuNGA0L7QttC+0Log0YEg0LzRj9GB0L7QvDwvdGQ+CiAgPC90cj4KICA8dHI+CiAgICA8dGQ+0J\/Rg9C00LjQvdCzINGBINC80LDQvdCz0L4g0Lgg0YfQuNCwPC90ZD4KICA8L3RyPgogIDx0cj4KICAgIDx0ZCBjbGFzcz0ic3Ryb25nLWl0ZW0iIHJvd3NwYW49IjMiPjxiPtCd0LDQsdC+0YAgMyAo0LLQtdCz0LDQvdGB0LrQuNC5KTwvYj48L3RkPgogICAgPHRkPtCh0LDQu9Cw0YIg0LjQtyDQsdC+0LHQvtCyINC4INCw0LLQvtC60LDQtNC+PC90ZD4KICAgIDx0ZCBjbGFzcz0ic3Ryb25nLWl0ZW0iIHJvd3NwYW49IjMiPjEwLDIwIOKCrDwvdGQ+CiAgPC90cj4KICA8dHI+CiAgICA8dGQ+0J\/QuNGC0LAg0YEg0LzQsNGA0LjQvdC+0LLQsNC90L3Ri9C80Lgg0L7QstC+0YnQsNC80Lg8L3RkPgogIDwvdHI+CiAgPHRyPgogICAgPHRkPtCf0YPQtNC40L3QsyDRgSDQvNCw0L3Qs9C+INC4INGH0LjQsDwvdGQ+CiAgPC90cj4KICA8dHI+CiAgICA8dGQgY2xhc3M9InN0cm9uZy1pdGVtIiByb3dzcGFuPSIzIj48Yj7QndCw0LHQvtGAIDQ8L2I+PC90ZD4KICAgIDx0ZD7QodC70L7QudC60LAg0YEg0LrQvtC30YzQuNC8INGB0YvRgNC+0Lw8L3RkPgogICAgPHRkIGNsYXNzPSJzdHJvbmctaXRlbSIgcm93c3Bhbj0iMyI+OCw5MCDigqw8L3RkPgogIDwvdHI+CiAgPHRyPgogICAgPHRkPtCQ0LfQuNCw0YLRgdC60LjQuSDRgdCw0LvQsNGCINC40Lcg0LvQsNC\/0YjQuCDRgSDRgtGD0YjQtdC90L7QuSDRgdCy0LjQvdC40L3QvtC5INC40LvQuCDQsNC30LjQsNGC0YHQutC40Lkg0YHQsNC70LDRgiDQuNC3INGA0LjRgdC+0LLQvtC5INC70LDQv9GI0Lgg0YEg0L7QstC+0YnQsNC80LggKNCy0LXQs9Cw0L3RgdC60LjQuSk8L3RkPgogIDwvdHI+CiAgPHRyPgogICAgPHRkPtCf0YDQvtGE0LjRgtGA0L7Qu9GMINGBINC30LDQstCw0YDQvdGL0Lwg0LrRgNC10LzQvtC8IDwvdGQ+CiAgPC90cj4KPC90YWJsZT4K[\/vc_raw_html][vc_column_text]<\/p>\n<p style=\"text-align: left;\"><em>\u0426\u0435\u043d\u044b \u0441\u043e\u0434\u0435\u0440\u0436\u0430\u0442 \u041d\u0421\u041e.<\/em><\/p>\n<p>[\/vc_column_text][\/vc_column][vc_column width=&#187;1\/3&#8243;][vc_single_image image=&#187;2090&#8243; img_size=&#187;medium&#187; alignment=&#187;center&#187;][vc_empty_space][vc_column_text el_class=&#187;justification&#187;]Ristikheina kohvik sai alguse endisest Mantli\u00e4ri poest, kuhu rajati armas suurte akende ja hubaste ruumidega kohvik.<br \/>\nRistikheina v\u00f5lus kiiresti oma uusi kliente oma uhke vitriiniga t\u00e4is magusaid ja suursuguseid kooke. K\u00f5igest paari aastaga on kohvik pugenud inimestele nii s\u00fcgavale s\u00fcdamesse, et on avatud veel kaks kohvikut \u00fcle Tallinna.<\/p>\n<p><strong>Ette tellimise aeg 72 tundi<\/strong>. Tellimus esitada e-posti aadressile <a href=\"mailto:info@marpen.ee\">info@marpen.ee<\/a>. Tellimuse kohta komplektide arv 10-50 tk. \u00dche tellimuse kohta valida maksimaalselt kaks komplekti.<\/p>\n<p>K\u00f5ik toidud pakendame erladi paberkottidesse, kus on ka s\u00f6\u00f6giriistade komplekt ja salvr\u00e4tik. Vajadusel saame kotti lisada ka pudelivee. Lisatasu 0,9 eurot.[\/vc_column_text][\/vc_column][\/vc_row][vc_row][vc_column][vc_empty_space][\/vc_column][\/vc_row]<\/p>\n","protected":false},"excerpt":{"rendered":"<p>[vc_row][vc_column width=&#187;2\/3&#8243;][vc_column_text]\u0412 \u0441\u043e\u0442\u0440\u0443\u0434\u043d\u0438\u0447\u0435\u0441\u0442\u0432\u0435 \u0441 \u043a\u0430\u0444\u0435 Ristikheina \u043c\u044b \u0440\u0430\u0437\u0440\u0430\u0431\u043e\u0442\u0430\u043b\u0438 \u0434\u043b\u044f \u0441\u0432\u043e\u0438\u0445 \u043a\u043b\u0438\u0435\u043d\u0442\u043e\u0432 \u0447\u0435\u0442\u044b\u0440\u0435 \u0440\u0430\u0437\u043d\u044b\u0445 \u043d\u0430\u0431\u043e\u0440\u0430 \u043d\u0430 \u043b\u044e\u0431\u043e\u0439 \u0432\u043a\u0443\u0441.[\/vc_column_text][vc_empty_space][vc_raw_html el_class=&#187;menu-table&#187;]PHRhYmxlPgogIDx0cj4KICAgIDx0aD7QndCw0LfQstCw0L3QuNC1PC90aD4KICAgIDx0aD7QodC+0LTQtdGA0LbQsNC90LjQtTwvdGg+CiAgICA8dGg+0KbQtdC90LAgKOKCrCk8L3RoPgogIDwvdHI+CiAgPHRyPgogICAgPHRkIGNsYXNzPSJzdHJvbmctaXRlbSIgcm93c3Bhbj0iMyI+PGI+0J3QsNCx0L7RgCAxPC9iPjwvdGQ+CiAgICA8dGQ+0KTQuNGA0LzQtdC90L3Ri9C1INC80Y7RgdC70LggUmlzdGlraGVpbmEg0YEg0LnQvtCz0YPRgNGC0L7QvDwvdGQ+CiAgICA8dGQgY2xhc3M9InN0cm9uZy1pdGVtIiByb3dzcGFuPSIzIj44LDkwIOKCrDwvdGQ+CiAgPC90cj4KICA8dHI+CiAgICA8dGQ+0JrRgNGD0LDRgdGB0LDQvSDRgSDQvNC+0YbQsNGA0LXQu9C70L7QuSDQuCDQv9C+0LzQuNC00L7RgNC+0LwgLyDQmtGA0YPQsNGB0YHQsNC9INGBINCy0LXRgtGH0LjQvdC+0Lkg0Lgg0YHRi9GA0L7QvDwvdGQ+CiAgPC90cj4KICA8dHI+CiAgICA8dGQ+0J3QsCDQtNC10YHQtdGA0YIg4oCTINC60LDRgNCw0LzQtdC70YzQvdGL0Lkg0YjQsNGA0LjQujwvdGQ+CiAgPC90cj4KICA8dHI+CiAgICA8dGQgY2xhc3M9InN0cm9uZy1pdGVtIiByb3dzcGFuPSIzIj48Yj7QndCw0LHQvtGAIDI8L2I+PC90ZD4KICAgIDx0ZD7QndC10LzQtdGG0LrQuNC5INC60LDRgNGC0L7RhNC10LvRjNC90YvQuSDRgdCw0LvQsNGCLCDRgSDQsdC10LrQvtC90L7QvDwvdGQ+CiAgICA8dGQgY2xhc3M9InN0cm9uZy1pdGVtIiByb3dzcGFuPSIzIj43LDUwIOKCrDwvdGQ+CiAgPC90cj4KICA8dHI+CiAgICA8dGQ+0J\/QuNGA0L7QttC+0Log0YEg0LzRj9GB0L7QvDwvdGQ+CiAgPC90cj4KICA8dHI+CiAgICA8dGQ+0J\/Rg9C00LjQvdCzINGBINC80LDQvdCz0L4g0Lgg0YfQuNCwPC90ZD4KICA8L3RyPgogIDx0cj4KICAgIDx0ZCBjbGFzcz0ic3Ryb25nLWl0ZW0iIHJvd3NwYW49IjMiPjxiPtCd0LDQsdC+0YAgMyAo0LLQtdCz0LDQvdGB0LrQuNC5KTwvYj48L3RkPgogICAgPHRkPtCh0LDQu9Cw0YIg0LjQtyDQsdC+0LHQvtCyINC4INCw0LLQvtC60LDQtNC+PC90ZD4KICAgIDx0ZCBjbGFzcz0ic3Ryb25nLWl0ZW0iIHJvd3NwYW49IjMiPjEwLDIwIOKCrDwvdGQ+CiAgPC90cj4KICA8dHI+CiAgICA8dGQ+0J\/QuNGC0LAg0YEg0LzQsNGA0LjQvdC+0LLQsNC90L3Ri9C80Lgg0L7QstC+0YnQsNC80Lg8L3RkPgogIDwvdHI+CiAgPHRyPgogICAgPHRkPtCf0YPQtNC40L3QsyDRgSDQvNCw0L3Qs9C+INC4INGH0LjQsDwvdGQ+CiAgPC90cj4KICA8dHI+CiAgICA8dGQgY2xhc3M9InN0cm9uZy1pdGVtIiByb3dzcGFuPSIzIj48Yj7QndCw0LHQvtGAIDQ8L2I+PC90ZD4KICAgIDx0ZD7QodC70L7QudC60LAg0YEg0LrQvtC30YzQuNC8INGB0YvRgNC+0Lw8L3RkPgogICAgPHRkIGNsYXNzPSJzdHJvbmctaXRlbSIgcm93c3Bhbj0iMyI+OCw5MCDigqw8L3RkPgogIDwvdHI+CiAgPHRyPgogICAgPHRkPtCQ0LfQuNCw0YLRgdC60LjQuSDRgdCw0LvQsNGCINC40Lcg0LvQsNC\/0YjQuCDRgSDRgtGD0YjQtdC90L7QuSDRgdCy0LjQvdC40L3QvtC5INC40LvQuCDQsNC30LjQsNGC0YHQutC40Lkg0YHQsNC70LDRgiDQuNC3INGA0LjRgdC+0LLQvtC5INC70LDQv9GI0Lgg0YEg0L7QstC+0YnQsNC80LggKNCy0LXQs9Cw0L3RgdC60LjQuSk8L3RkPgogIDwvdHI+CiAgPHRyPgogICAgPHRkPtCf0YDQvtGE0LjRgtGA0L7Qu9GMINGBINC30LDQstCw0YDQvdGL0Lwg0LrRgNC10LzQvtC8IDwvdGQ+CiAgPC90cj4KPC90YWJsZT4K[\/vc_raw_html][vc_column_text] \u0426\u0435\u043d\u044b \u0441\u043e\u0434\u0435\u0440\u0436\u0430\u0442 \u041d\u0421\u041e. [\/vc_column_text][\/vc_column][vc_column width=&#187;1\/3&#8243;][vc_single_image image=&#187;2090&#8243; img_size=&#187;medium&#187; alignment=&#187;center&#187;][vc_empty_space][vc_column_text el_class=&#187;justification&#187;]Ristikheina kohvik sai alguse endisest Mantli\u00e4ri poest, kuhu rajati armas suurte akende ja hubaste ruumidega kohvik. Ristikheina v\u00f5lus kiiresti oma uusi kliente oma uhke vitriiniga t\u00e4is magusaid ja suursuguseid<\/p>\n","protected":false},"author":1,"featured_media":0,"parent":2341,"menu_order":0,"comment_status":"closed","ping_status":"closed","template":"","meta":{"footnotes":""},"class_list":["post-2411","page","type-page","status-publish","hentry"],"_links":{"self":[{"href":"https:\/\/marpen.ee\/ru\/wp-json\/wp\/v2\/pages\/2411","targetHints":{"allow":["GET"]}}],"collection":[{"href":"https:\/\/marpen.ee\/ru\/wp-json\/wp\/v2\/pages"}],"about":[{"href":"https:\/\/marpen.ee\/ru\/wp-json\/wp\/v2\/types\/page"}],"author":[{"embeddable":true,"href":"https:\/\/marpen.ee\/ru\/wp-json\/wp\/v2\/users\/1"}],"replies":[{"embeddable":true,"href":"https:\/\/marpen.ee\/ru\/wp-json\/wp\/v2\/comments?post=2411"}],"version-history":[{"count":1,"href":"https:\/\/marpen.ee\/ru\/wp-json\/wp\/v2\/pages\/2411\/revisions"}],"predecessor-version":[{"id":2412,"href":"https:\/\/marpen.ee\/ru\/wp-json\/wp\/v2\/pages\/2411\/revisions\/2412"}],"up":[{"embeddable":true,"href":"https:\/\/marpen.ee\/ru\/wp-json\/wp\/v2\/pages\/2341"}],"wp:attachment":[{"href":"https:\/\/marpen.ee\/ru\/wp-json\/wp\/v2\/media?parent=2411"}],"curies":[{"name":"wp","href":"https:\/\/api.w.org\/{rel}","templated":true}]}}